{"id":1028,"date":"2023-01-19T23:00:33","date_gmt":"2023-01-19T22:00:33","guid":{"rendered":"https:\/\/www.notabile.it\/visitfellini\/?page_id=1028"},"modified":"2023-04-05T18:12:40","modified_gmt":"2023-04-05T16:12:40","slug":"come-muoversi-rimini","status":"publish","type":"page","link":"https:\/\/www.notabile.it\/visitfellini\/come-muoversi-rimini\/","title":{"rendered":"Come muoversi"},"content":{"rendered":"<p>[et_pb_section fb_built=&#8221;1&#8243; inner_shadow=&#8221;on&#8221; module_id=&#8221;inizio&#8221; _builder_version=&#8221;4.19.1&#8243; _module_preset=&#8221;default&#8221; background_image=&#8221;https:\/\/www.notabile.it\/visitfellini\/wp-content\/uploads\/2023\/01\/spiaggia-1024x768_x3.jpg&#8221; width=&#8221;100%&#8221; max_width=&#8221;100%&#8221; module_alignment=&#8221;center&#8221; min_height=&#8221;867px&#8221; custom_margin=&#8221;|0px||0px|false|false&#8221; custom_padding=&#8221;|0px|||false|false&#8221; global_colors_info=&#8221;{}&#8221;][\/et_pb_section][et_pb_section fb_built=&#8221;1&#8243; _builder_version=&#8221;4.19.1&#8243; _module_preset=&#8221;default&#8221; background_color=&#8221;#CDF7F9&#8243; global_colors_info=&#8221;{}&#8221;][et_pb_row _builder_version=&#8221;4.19.1&#8243; _module_preset=&#8221;default&#8221; width=&#8221;100%&#8221; max_width=&#8221;2560px&#8221; global_colors_info=&#8221;{}&#8221;][et_pb_column type=&#8221;4_4&#8243; _builder_version=&#8221;4.19.1&#8243; _module_preset=&#8221;default&#8221; global_colors_info=&#8221;{}&#8221;][et_pb_text _builder_version=&#8221;4.19.1&#8243; _module_preset=&#8221;default&#8221; text_text_shadow_style=&#8221;preset2&#8243; text_text_shadow_vertical_length=&#8221;0.31em&#8221; global_colors_info=&#8221;{}&#8221;]<\/p>\n<h1 style=\"text-align: center;\"><span style=\"color: #ff00ff;\"><strong>COME MUOVERSI A RIMINI<\/strong><\/span><\/h1>\n<p>[\/et_pb_text][\/et_pb_column][\/et_pb_row][et_pb_row column_structure=&#8221;1_3,1_3,1_3&#8243; _builder_version=&#8221;4.19.1&#8243; _module_preset=&#8221;default&#8221; width=&#8221;82%&#8221; max_width=&#8221;2560px&#8221; global_colors_info=&#8221;{}&#8221;][et_pb_column type=&#8221;1_3&#8243; _builder_version=&#8221;4.19.1&#8243; _module_preset=&#8221;default&#8221; global_colors_info=&#8221;{}&#8221;][et_pb_text _builder_version=&#8221;4.19.1&#8243; _module_preset=&#8221;default&#8221; global_colors_info=&#8221;{}&#8221;]<\/p>\n<h2 style=\"text-align: center;\"><span style=\"color: #ff00ff;\"><strong>IN AUTOBUS<\/strong><\/span><\/h2>\n<h4 style=\"text-align: justify;\"><strong>Rimini \u00e8 servita dalle linee di trasporto urbano di <a href=\"https:\/\/www.startromagna.it\/news\/orari-invernali-2022-2023\/\" target=\"_blank\" rel=\"noopener\" title=\"Start Romagna Rimini\"><span style=\"color: #ff00ff;\">Start Romagna<\/span><\/a> che collegano la citt\u00e0 anche ad altre localit\u00e0 del bacino di Rimini. \u00c8 possibile acquistare i biglietti per gli autobus nelle tabaccherie, nei punti bus oppure sulle app MyCicero, DropTicket, Muver e Roger.<\/strong><\/h4>\n<p><strong><\/strong><\/p>\n<p><strong><\/strong><\/p>\n<p><strong><\/strong><\/p>\n<p style=\"text-align: center;\">[\/et_pb_text][et_pb_text _builder_version=&#8221;4.19.1&#8243; _module_preset=&#8221;default&#8221; hover_enabled=&#8221;0&#8243; global_colors_info=&#8221;{}&#8221; sticky_enabled=&#8221;0&#8243;]<\/p>\n<h2 style=\"text-align: center;\"><span style=\"color: #ff00ff;\"><strong>METROMARE<\/strong><\/span><\/h2>\n<h4 style=\"text-align: justify;\"><strong>In 23 minuti da Rimini a Riccione (e viceversa) e puoi salire e scendere in 15 stazioni intermedie.<\/strong><br \/><strong><span style=\"color: #ff00ff;\">Metromare<\/span>, per un sistema di mobilit\u00e0 pi\u00f9 sostenibile. Rapido, affidabile, ecologico, sicuro, tecnologico e silenzioso, per collegare luoghi, persone ed idee. Per connettere la Riviera al mondo.<\/strong><br \/><strong>Metromare \u00e8 il nuovo sistema di trasporto pubblico che unisce Rimini a Riccione, un\u2019opera strategica che contribuir\u00e0 a ridisegnare la mobilit\u00e0 del nostro territorio.<\/strong><\/h4>\n<p style=\"text-align: center;\"><a href=\"https:\/\/www.startromagna.it\/wp-content\/uploads\/2022\/09\/RN_Metromare_inv22-23.pdf\" title=\"SCARICA IL LIBRETTO ORARI DI METROMARE\"><strong>SCARICA IL LIBRETTO ORARI DI METROMARE<\/strong><\/a><\/p>\n<p><span style=\"color: #000000;\"><strong>Tel: +39 0541 300811<br \/>segreteria@startromagna.it<br \/>startromagna@legalmail.it<\/strong><\/span><\/p>\n<p><strong><\/strong><\/p>\n<p style=\"text-align: center;\">[\/et_pb_text][et_pb_image src=&#8221;https:\/\/www.notabile.it\/visitfellini\/wp-content\/uploads\/2023\/04\/Tracciato.jpg&#8221; alt=&#8221;Mappa Metromare&#8221; title_text=&#8221;Mappa Metromare&#8221; show_in_lightbox=&#8221;on&#8221; _builder_version=&#8221;4.19.1&#8243; _module_preset=&#8221;default&#8221; global_colors_info=&#8221;{}&#8221;][\/et_pb_image][\/et_pb_column][et_pb_column type=&#8221;1_3&#8243; _builder_version=&#8221;4.19.1&#8243; _module_preset=&#8221;default&#8221; global_colors_info=&#8221;{}&#8221;][et_pb_text _builder_version=&#8221;4.19.1&#8243; _module_preset=&#8221;default&#8221; text_text_color=&#8221;#DF52FF&#8221; link_text_color=&#8221;#DF52FF&#8221; global_colors_info=&#8221;{}&#8221;]<\/p>\n<h2 style=\"text-align: center;\"><span style=\"color: #ff00ff;\"><strong>\u00a0 \u00a0 \u00a0 \u00a0IN TAXI<\/strong><\/span><\/h2>\n<h4 style=\"text-align: justify;\"><strong>Utilizzare il Rimini \u00e8 molto comodo. Qui di seguito tutti i numeri telefonici di Taxi di Rimini. Puoi anche richiedere il tuo taxi per e-mail, Whatsapp, oppure chiamando i numeri di Servizio Taxi qui elencati. Localizza un Taxi facile e veloce ora!<\/strong><\/h4>\n<h4 style=\"text-align: justify;\"><strong>A Rimini, i taxi sono un ottimo mezzo di trasporto pubblico. Sono disponibili 24 ore su 24, 7 giorni su 7 e gli autisti sono amichevoli e informativi.<\/strong><br \/><strong>Se hai bisogno di trovare un taxi a Rimini, puoi chiamarli ai numeri qui sotto:<\/strong><\/h4>\n<ul>\n<li style=\"list-style-type: none;\">\n<ul>\n<li>\n<h4><span style=\"color: #ff00ff;\"><strong>Radio Taxi Rimini CO.TA.RI.<\/strong><\/span><\/h4>\n<h4><strong>Numero di Telefono: +39 0541 50020<\/strong><\/h4>\n<\/li>\n<li>\n<h4><span style=\"color: #ff00ff;\"><strong>NCC Driver Taxi Rimini<\/strong><\/span><\/h4>\n<h4><strong>Numero di Telefono: +39 366 1329141<\/strong><\/h4>\n<\/li>\n<li>\n<h4><span style=\"color: #ff00ff;\"><strong>I Viaggi di Bianco &amp; Blu Rimini<\/strong><\/span><\/h4>\n<h4><strong>Numero di Telefono: +39 0541 29393<\/strong><\/h4>\n<\/li>\n<li>\n<h4><span style=\"color: #ff00ff;\"><strong>Taxi-transfer-riviera Rimini<\/strong><\/span><\/h4>\n<h4><strong>Numero di Telefono: +39 392 8860407<\/strong><\/h4>\n<\/li>\n<\/ul>\n<\/li>\n<\/ul>\n<p>[\/et_pb_text][\/et_pb_column][et_pb_column type=&#8221;1_3&#8243; _builder_version=&#8221;4.19.1&#8243; _module_preset=&#8221;default&#8221; global_colors_info=&#8221;{}&#8221;][et_pb_text _builder_version=&#8221;4.19.1&#8243; _module_preset=&#8221;default&#8221; link_text_color=&#8221;#DF52FF&#8221; global_colors_info=&#8221;{}&#8221;]<\/p>\n<h2 style=\"text-align: center;\"><span style=\"color: #ff00ff;\"><strong>IN BICI &amp; MONOPATTINO<\/strong><\/span><\/h2>\n<h4 style=\"text-align: justify;\"><strong>Un\u2019opportunit\u00e0 per spostarsi in modo veloce, autonomo e sostenibile. Una rete di collegamenti pensata per chi vuole vivere la citt\u00e0 su due ruote, per chi preferisce sentirsi libero dal traffico cittadino e accedere ai servizi di trasporto regionali utilizzando un unico titolo di viaggio: Mi Muovo, la Carta unica di pagamento della mobilit\u00e0 regionale.<\/strong><br \/><strong>Mi Muovo in bici (bike sharing biciclette verdi) \u00e8 il progetto di \u201cbike sharing &amp; ride\u201d promosso dalla Regione Emilia Romagna nell\u2019ambito di un\u2019importante e ampia strategia di mobilit\u00e0 finalizzata alla creazione di una rete integrata di trasporto pubblico in grado di offrire ai cittadini un ventaglio di alternative per lo spostamento urbano. Attivando il servizio sulla propria card \u00e8 possibile prelevare e restituire la bicicletta in una delle stazioni presenti nelle citt\u00e0 aderenti. Pensato per gli spostamenti brevi, il bike sharing oggi rappresenta la forma di spostamento urbano pi\u00f9 conveniente, sia in termini di tempo sia in termini economici.<\/strong><\/h4>\n<h4 style=\"text-align: justify;\"><strong>Per maggiori informazioni vai alla guida ai servizi: Mi muovo in bici<\/strong><\/h4>\n<h4 style=\"text-align: justify;\"><span style=\"color: #ff00ff;\"><strong>MONOPATTINI ELETTRICI<\/strong><\/span><br \/><strong>Dal mese di Agosto 2019 a Rimini \u00e8 presente il servizio sperimentale di noleggio monopattini elettrici, con il sistema free floating, per un periodo di 12 mesi. Due le societ\u00e0 attive, Bird Rides Italy e Lime, le due societ\u00e0 sono specializzate nello sharing di mezzi elettrici a flusso libero, senza stazioni di prelievo e gestito con una App per smartphone (Android: Play Store di Google &#8211; IOS: App Store)<\/strong><\/h4>\n<h4><strong><span style=\"color: #ff00ff;\">*<\/span> <a href=\"https:\/\/www.bird.co\/it\/cities\/\" target=\"_blank\" rel=\"noopener\" title=\"Bird - Enjoy The Ride Rimini\"><span style=\"color: #ff00ff;\">Bird &#8211; Enjoy The Ride<\/span><\/a><\/strong><\/h4>\n<h4><strong><span style=\"color: #ff00ff;\">*<\/span> <a href=\"https:\/\/www.li.me\/it-it\/user-agreement\" target=\"_blank\" rel=\"noopener\"><span style=\"color: #ff00ff;\">Lime &#8211; Spostati Quando Vuoi<\/span><\/a><\/strong><\/h4>\n<p>[\/et_pb_text][\/et_pb_column][\/et_pb_row][\/et_pb_section]<\/p>\n","protected":false},"excerpt":{"rendered":"<p>COME MUOVERSI A RIMINIIN AUTOBUS Rimini \u00e8 servita dalle linee di trasporto urbano di Start Romagna che collegano la citt\u00e0 anche ad altre localit\u00e0 del bacino di Rimini. \u00c8 possibile acquistare i biglietti per gli autobus nelle tabaccherie, nei punti bus oppure sulle app MyCicero, DropTicket, Muver e Roger. METROMARE In 23 minuti da Rimini [&hellip;]<\/p>\n","protected":false},"author":3,"featured_media":0,"parent":0,"menu_order":0,"comment_status":"closed","ping_status":"closed","template":"","meta":{"_et_pb_use_builder":"on","_et_pb_old_content":"","_et_gb_content_width":"","footnotes":""},"class_list":["post-1028","page","type-page","status-publish","hentry"],"yoast_head":"<!-- This site is optimized with the Yoast SEO plugin v21.1 - https:\/\/yoast.com\/wordpress\/plugins\/seo\/ -->\r\n<title>visitfellini.com | Come muoversi a Rimini<\/title>\r\n<meta name=\"description\" content=\"Come muoversi a Rimini\" \/>\r\n<meta name=\"robots\" content=\"noindex, follow, max-snippet:-1, max-image-preview:large, max-video-preview:-1\" \/>\r\n<meta property=\"og:locale\" content=\"it_IT\" \/>\r\n<meta property=\"og:type\" content=\"article\" \/>\r\n<meta property=\"og:title\" content=\"visitfellini.com | Come muoversi a Rimini\" \/>\r\n<meta property=\"og:description\" content=\"Come muoversi a Rimini\" \/>\r\n<meta property=\"og:url\" content=\"https:\/\/www.notabile.it\/visitfellini\/come-muoversi-rimini\/\" \/>\r\n<meta property=\"og:site_name\" content=\"Rimini la citt\u00e0 di Fellini che profuma di Storia, Arte e Mare\" \/>\r\n<meta property=\"article:modified_time\" content=\"2023-04-05T16:12:40+00:00\" \/>\r\n<meta name=\"twitter:card\" content=\"summary_large_image\" \/>\r\n<meta name=\"twitter:label1\" content=\"Tempo di lettura stimato\" \/>\n\t<meta name=\"twitter:data1\" content=\"3 minuti\" \/>\r\n<script type=\"application\/ld+json\" class=\"yoast-schema-graph\">{\"@context\":\"https:\/\/schema.org\",\"@graph\":[{\"@type\":\"WebPage\",\"@id\":\"https:\/\/www.notabile.it\/visitfellini\/come-muoversi-rimini\/\",\"url\":\"https:\/\/www.notabile.it\/visitfellini\/come-muoversi-rimini\/\",\"name\":\"visitfellini.com | Come muoversi a Rimini\",\"isPartOf\":{\"@id\":\"https:\/\/www.notabile.it\/visitfellini\/#website\"},\"datePublished\":\"2023-01-19T22:00:33+00:00\",\"dateModified\":\"2023-04-05T16:12:40+00:00\",\"description\":\"Come muoversi a Rimini\",\"breadcrumb\":{\"@id\":\"https:\/\/www.notabile.it\/visitfellini\/come-muoversi-rimini\/#breadcrumb\"},\"inLanguage\":\"it-IT\",\"potentialAction\":[{\"@type\":\"ReadAction\",\"target\":[\"https:\/\/www.notabile.it\/visitfellini\/come-muoversi-rimini\/\"]}]},{\"@type\":\"BreadcrumbList\",\"@id\":\"https:\/\/www.notabile.it\/visitfellini\/come-muoversi-rimini\/#breadcrumb\",\"itemListElement\":[{\"@type\":\"ListItem\",\"position\":1,\"name\":\"Home\",\"item\":\"https:\/\/www.notabile.it\/visitfellini\/\"},{\"@type\":\"ListItem\",\"position\":2,\"name\":\"Come muoversi\"}]},{\"@type\":\"WebSite\",\"@id\":\"https:\/\/www.notabile.it\/visitfellini\/#website\",\"url\":\"https:\/\/www.notabile.it\/visitfellini\/\",\"name\":\"Rimini la citt\u00e0 di Fellini che profuma di Storia, Arte e Mare\",\"description\":\"VisitFellini Rimini\",\"potentialAction\":[{\"@type\":\"SearchAction\",\"target\":{\"@type\":\"EntryPoint\",\"urlTemplate\":\"https:\/\/www.notabile.it\/visitfellini\/?s={search_term_string}\"},\"query-input\":\"required name=search_term_string\"}],\"inLanguage\":\"it-IT\"}]}<\/script>\r\n<!-- \/ Yoast SEO plugin. -->","yoast_head_json":{"title":"visitfellini.com | Come muoversi a Rimini","description":"Come muoversi a Rimini","robots":{"index":"noindex","follow":"follow","max-snippet":"max-snippet:-1","max-image-preview":"max-image-preview:large","max-video-preview":"max-video-preview:-1"},"og_locale":"it_IT","og_type":"article","og_title":"visitfellini.com | Come muoversi a Rimini","og_description":"Come muoversi a Rimini","og_url":"https:\/\/www.notabile.it\/visitfellini\/come-muoversi-rimini\/","og_site_name":"Rimini la citt\u00e0 di Fellini che profuma di Storia, Arte e Mare","article_modified_time":"2023-04-05T16:12:40+00:00","twitter_card":"summary_large_image","twitter_misc":{"Tempo di lettura stimato":"3 minuti"},"schema":{"@context":"https:\/\/schema.org","@graph":[{"@type":"WebPage","@id":"https:\/\/www.notabile.it\/visitfellini\/come-muoversi-rimini\/","url":"https:\/\/www.notabile.it\/visitfellini\/come-muoversi-rimini\/","name":"visitfellini.com | Come muoversi a Rimini","isPartOf":{"@id":"https:\/\/www.notabile.it\/visitfellini\/#website"},"datePublished":"2023-01-19T22:00:33+00:00","dateModified":"2023-04-05T16:12:40+00:00","description":"Come muoversi a Rimini","breadcrumb":{"@id":"https:\/\/www.notabile.it\/visitfellini\/come-muoversi-rimini\/#breadcrumb"},"inLanguage":"it-IT","potentialAction":[{"@type":"ReadAction","target":["https:\/\/www.notabile.it\/visitfellini\/come-muoversi-rimini\/"]}]},{"@type":"BreadcrumbList","@id":"https:\/\/www.notabile.it\/visitfellini\/come-muoversi-rimini\/#breadcrumb","itemListElement":[{"@type":"ListItem","position":1,"name":"Home","item":"https:\/\/www.notabile.it\/visitfellini\/"},{"@type":"ListItem","position":2,"name":"Come muoversi"}]},{"@type":"WebSite","@id":"https:\/\/www.notabile.it\/visitfellini\/#website","url":"https:\/\/www.notabile.it\/visitfellini\/","name":"Rimini la citt\u00e0 di Fellini che profuma di Storia, Arte e Mare","description":"VisitFellini Rimini","potentialAction":[{"@type":"SearchAction","target":{"@type":"EntryPoint","urlTemplate":"https:\/\/www.notabile.it\/visitfellini\/?s={search_term_string}"},"query-input":"required name=search_term_string"}],"inLanguage":"it-IT"}]}},"_links":{"self":[{"href":"https:\/\/www.notabile.it\/visitfellini\/wp-json\/wp\/v2\/pages\/1028","targetHints":{"allow":["GET"]}}],"collection":[{"href":"https:\/\/www.notabile.it\/visitfellini\/wp-json\/wp\/v2\/pages"}],"about":[{"href":"https:\/\/www.notabile.it\/visitfellini\/wp-json\/wp\/v2\/types\/page"}],"author":[{"embeddable":true,"href":"https:\/\/www.notabile.it\/visitfellini\/wp-json\/wp\/v2\/users\/3"}],"replies":[{"embeddable":true,"href":"https:\/\/www.notabile.it\/visitfellini\/wp-json\/wp\/v2\/comments?post=1028"}],"version-history":[{"count":16,"href":"https:\/\/www.notabile.it\/visitfellini\/wp-json\/wp\/v2\/pages\/1028\/revisions"}],"predecessor-version":[{"id":1749,"href":"https:\/\/www.notabile.it\/visitfellini\/wp-json\/wp\/v2\/pages\/1028\/revisions\/1749"}],"wp:attachment":[{"href":"https:\/\/www.notabile.it\/visitfellini\/wp-json\/wp\/v2\/media?parent=1028"}],"curies":[{"name":"wp","href":"https:\/\/api.w.org\/{rel}","templated":true}]}}