{"id":1003,"date":"2023-01-19T18:54:18","date_gmt":"2023-01-19T17:54:18","guid":{"rendered":"https:\/\/www.notabile.it\/visitfellini\/?page_id=1003"},"modified":"2023-03-09T15:07:15","modified_gmt":"2023-03-09T14:07:15","slug":"rimini-romana","status":"publish","type":"page","link":"https:\/\/www.notabile.it\/visitfellini\/rimini-romana\/","title":{"rendered":"Rimini romana"},"content":{"rendered":"<p>[et_pb_section fb_built=&#8221;1&#8243; _builder_version=&#8221;4.19.1&#8243; _module_preset=&#8221;default&#8221; background_color=&#8221;#CDF7F9&#8243; global_colors_info=&#8221;{}&#8221;][et_pb_row module_id=&#8221;inizio&#8221; _builder_version=&#8221;4.19.1&#8243; _module_preset=&#8221;default&#8221; global_colors_info=&#8221;{}&#8221;][et_pb_column type=&#8221;4_4&#8243; _builder_version=&#8221;4.19.1&#8243; _module_preset=&#8221;default&#8221; global_colors_info=&#8221;{}&#8221;][et_pb_image src=&#8221;https:\/\/www.notabile.it\/visitfellini\/wp-content\/uploads\/2022\/12\/monumenti.png&#8221; alt=&#8221;Monumenti a Rimini&#8221; title_text=&#8221;Monumenti a Rimini&#8221; align=&#8221;center&#8221; _builder_version=&#8221;4.19.1&#8243; _module_preset=&#8221;default&#8221; global_colors_info=&#8221;{}&#8221;][\/et_pb_image][et_pb_text _builder_version=&#8221;4.19.1&#8243; _module_preset=&#8221;default&#8221; custom_padding=&#8221;36px|||||&#8221; global_colors_info=&#8221;{}&#8221;]<\/p>\n<h1 style=\"text-align: center;\"><span style=\"text-decoration: underline; color: #ff00ff;\"><strong>LA\u00a0 RIMINI\u00a0 ROMANA<\/strong><\/span><\/h1>\n<p>[\/et_pb_text][\/et_pb_column][\/et_pb_row][et_pb_row column_structure=&#8221;1_4,1_4,1_4,1_4&#8243; _builder_version=&#8221;4.19.1&#8243; _module_preset=&#8221;default&#8221; global_colors_info=&#8221;{}&#8221;][et_pb_column type=&#8221;1_4&#8243; _builder_version=&#8221;4.19.1&#8243; _module_preset=&#8221;default&#8221; global_colors_info=&#8221;{}&#8221;][et_pb_image src=&#8221;https:\/\/www.notabile.it\/visitfellini\/wp-content\/uploads\/2023\/01\/Ponte_di_Tiberio_Rimini_Italy.jpg&#8221; alt=&#8221;Ponte di Tiberio Rimini&#8221; title_text=&#8221;Ponte di Tiberio Rimini&#8221; show_in_lightbox=&#8221;on&#8221; align=&#8221;center&#8221; force_fullwidth=&#8221;on&#8221; _builder_version=&#8221;4.19.1&#8243; _module_preset=&#8221;default&#8221; height=&#8221;176px&#8221; max_height=&#8221;1000px&#8221; animation_style=&#8221;slide&#8221; border_width_all=&#8221;2px&#8221; global_colors_info=&#8221;{}&#8221;][\/et_pb_image][et_pb_text _builder_version=&#8221;4.19.1&#8243; _module_preset=&#8221;default&#8221; global_colors_info=&#8221;{}&#8221;]<\/p>\n<h2 style=\"text-align: center;\"><span style=\"color: #ff00ff;\"><strong>Ponte di Tiberio<\/strong><\/span><\/h2>\n<p>[\/et_pb_text][\/et_pb_column][et_pb_column type=&#8221;1_4&#8243; _builder_version=&#8221;4.19.1&#8243; _module_preset=&#8221;default&#8221; global_colors_info=&#8221;{}&#8221;][et_pb_image src=&#8221;https:\/\/www.notabile.it\/visitfellini\/wp-content\/uploads\/2023\/01\/rimini-porta-montanara_.png&#8221; alt=&#8221;Porta Montanara Rimini&#8221; title_text=&#8221;Porta Montanara Rimini&#8221; show_in_lightbox=&#8221;on&#8221; align=&#8221;center&#8221; force_fullwidth=&#8221;on&#8221; _builder_version=&#8221;4.19.1&#8243; _module_preset=&#8221;default&#8221; animation_style=&#8221;slide&#8221; border_width_all=&#8221;2px&#8221; global_colors_info=&#8221;{}&#8221;][\/et_pb_image][et_pb_text _builder_version=&#8221;4.19.1&#8243; _module_preset=&#8221;default&#8221; global_colors_info=&#8221;{}&#8221;]<\/p>\n<h2 style=\"text-align: center;\"><span style=\"color: #ff00ff;\"><strong>Porta Montanara<\/strong><\/span><\/h2>\n<p>[\/et_pb_text][\/et_pb_column][et_pb_column type=&#8221;1_4&#8243; _builder_version=&#8221;4.19.1&#8243; _module_preset=&#8221;default&#8221; global_colors_info=&#8221;{}&#8221;][et_pb_image src=&#8221;https:\/\/www.notabile.it\/visitfellini\/wp-content\/uploads\/2023\/01\/arco_augusto.jpg&#8221; alt=&#8221;Arco d&#8217;Augusto Rimini&#8221; title_text=&#8221;Arco d&#8217;Augusto Rimini&#8221; show_in_lightbox=&#8221;on&#8221; align=&#8221;center&#8221; force_fullwidth=&#8221;on&#8221; _builder_version=&#8221;4.19.1&#8243; _module_preset=&#8221;default&#8221; height=&#8221;173px&#8221; animation_style=&#8221;slide&#8221; border_width_all=&#8221;2px&#8221; global_colors_info=&#8221;{}&#8221;][\/et_pb_image][et_pb_text _builder_version=&#8221;4.19.1&#8243; _module_preset=&#8221;default&#8221; global_colors_info=&#8221;{}&#8221;]<\/p>\n<h2 style=\"text-align: center;\"><span style=\"color: #ff00ff;\"><strong>Arco d&#8217;Augusto<\/strong><\/span><\/h2>\n<p>[\/et_pb_text][\/et_pb_column][et_pb_column type=&#8221;1_4&#8243; _builder_version=&#8221;4.19.1&#8243; _module_preset=&#8221;default&#8221; global_colors_info=&#8221;{}&#8221;][et_pb_image src=&#8221;https:\/\/www.notabile.it\/visitfellini\/wp-content\/uploads\/2023\/01\/anfiteatro_2.jpg&#8221; alt=&#8221;Anfiteatro Rimini&#8221; title_text=&#8221;Anfiteatro Rimini&#8221; show_in_lightbox=&#8221;on&#8221; align=&#8221;center&#8221; force_fullwidth=&#8221;on&#8221; _builder_version=&#8221;4.19.1&#8243; _module_preset=&#8221;default&#8221; height=&#8221;174px&#8221; animation_style=&#8221;slide&#8221; border_width_all=&#8221;2px&#8221; global_colors_info=&#8221;{}&#8221;][\/et_pb_image][et_pb_text _builder_version=&#8221;4.19.1&#8243; _module_preset=&#8221;default&#8221; global_colors_info=&#8221;{}&#8221;]<\/p>\n<h2 style=\"text-align: center;\"><span style=\"color: #ff00ff;\"><strong>Anfiteatro<\/strong><\/span><\/h2>\n<p>[\/et_pb_text][\/et_pb_column][\/et_pb_row][et_pb_row _builder_version=&#8221;4.19.1&#8243; _module_preset=&#8221;default&#8221; global_colors_info=&#8221;{}&#8221;][et_pb_column type=&#8221;4_4&#8243; _builder_version=&#8221;4.19.1&#8243; _module_preset=&#8221;default&#8221; global_colors_info=&#8221;{}&#8221;][et_pb_text _builder_version=&#8221;4.19.1&#8243; _module_preset=&#8221;default&#8221; global_colors_info=&#8221;{}&#8221;]<\/p>\n<h3 class=\"rtejustify\" style=\"text-align: justify;\"><strong><span style=\"color: #ff00ff;\">Nel 268 il Senato di Roma decret\u00f2 la fondazione\u00a0 della colonia di\u00a0<\/span><\/strong><em><strong><span style=\"color: #ff00ff;\">Ariminum<\/span><\/strong>,<\/em><span>\u00a0<\/span>nome tratto da quello del fiume Marecchia (<em>Ariminus<\/em>), cos\u00ec che il toponimo significa &#8220;la citt\u00e0 sul Marecchia&#8221;.<\/h3>\n<h3 class=\"rtejustify\" style=\"text-align: justify;\">La struttura della citt\u00e0 fu pianificata secondo un progetto che le conferiva il classico<span>\u00a0<\/span><span style=\"color: #ff00ff;\"><strong>impianto a scacchiera<\/strong><\/span>, con<span>\u00a0<\/span><em>insulae<\/em><span>\u00a0<\/span>rettangolari e strade ortogonali, ancora oggi riscontrabili nel tessuto urbano: la via principale, <span style=\"color: #ff00ff;\"><strong>il\u00a0<em>cardomaximus<\/em>\u00a0(oggi via Garibaldi-via IV Novembre)<\/strong><\/span>, impostato su un&#8217;antica via commerciale dai monti al mare, incontrava <span style=\"color: #ff00ff;\"><strong>il\u00a0decumanus\u00a0maximus\u00a0(corso d&#8217;Augusto)<\/strong><\/span>\u00a0 <span style=\"color: #ff00ff;\"><strong>nel\u00a0<em>forum<\/em>\u00a0(piazza Tre Martiri)<\/strong><\/span>, cuore politico, religioso ed economico di<span>\u00a0<\/span><em>Ariminum<\/em>.<\/h3>\n<h3 class=\"rtejustify\" style=\"text-align: justify;\">Dal II secolo a.C., a seguito della politica espansionistica di Roma verso la pianura padana, assunse maggiore importanza il decumano massimo,\u00a0 che univa <span style=\"color: #ff00ff;\"><strong>la<\/strong>\u00a0<strong>via Flaminia<\/strong><\/span><span>\u00a0<\/span>con la<span>\u00a0<\/span><strong><span style=\"color: #ff00ff;\">via Aemilia<\/span><\/strong>, le strade consolari in direzione l\u2019una di Roma e l\u2019altra di Piacenza. I due percorsi presero il nome dai consoli Caio Flaminio e Marco Emilio Lepido che le tracciarono rispettivamente nel 220 e nel 187 a.C.; ad essi si aggiunse nel 132 a.C. la<span>\u00a0<\/span><span style=\"color: #ff00ff;\"><strong>via Popillia<\/strong><\/span>, voluta dal console Publio Popillio Lenate per raggiungere da<span>\u00a0<\/span><em>Ariminum<\/em><span>\u00a0<\/span>Ravenna e pi\u00f9 a nord Aquileia.<span>\u00a0<\/span><em>Ariminum<\/em><span>\u00a0<\/span>divenne cos\u00ec un importante nodo stradale.<\/h3>\n<h3 class=\"rtejustify\" style=\"text-align: justify;\">In relazione alle guerre civili e sociali che coinvolsero<span>\u00a0<\/span><em>Ariminum<\/em> furono eseguite importanti opere di potenziamento del sistema difensivo: fra queste la costruzione, nel I secolo a.C., della porta a doppio fornice, in blocchi di arenaria, nota come<span>\u00a0<\/span><span style=\"color: #ff00ff;\"><strong>Porta Montanara<\/strong><\/span>.<\/h3>\n<p>[\/et_pb_text][et_pb_image src=&#8221;https:\/\/www.notabile.it\/visitfellini\/wp-content\/uploads\/2023\/01\/monta_2.jpg&#8221; alt=&#8221;Cardo e Decumano e Porta Montanara Rimini&#8221; title_text=&#8221;Cardo e Decumano e Porta Montanara Rimini&#8221; force_fullwidth=&#8221;on&#8221; _builder_version=&#8221;4.19.1&#8243; _module_preset=&#8221;default&#8221; min_height=&#8221;100%&#8221; height=&#8221;100%&#8221; max_height=&#8221;100%&#8221; border_width_all=&#8221;2px&#8221; global_colors_info=&#8221;{}&#8221;][\/et_pb_image][et_pb_text _builder_version=&#8221;4.19.1&#8243; _module_preset=&#8221;default&#8221; custom_margin=&#8221;-24px||||false|false&#8221; global_colors_info=&#8221;{}&#8221;]<\/p>\n<h2 style=\"text-align: center;\"><span style=\"color: #ff00ff;\"><strong>Cardo e Decumano &#8211; Porta Montanara<\/strong><\/span><\/h2>\n<p>[\/et_pb_text][et_pb_text _builder_version=&#8221;4.19.1&#8243; _module_preset=&#8221;default&#8221; global_colors_info=&#8221;{}&#8221;]<\/p>\n<h3 class=\"rtejustify\" style=\"text-align: justify;\"><\/h3>\n<h3 class=\"rtejustify\" style=\"text-align: justify;\">Nel 49 a.C., fra storia e leggenda,\u00a0<span>\u00a0<\/span><em>Ariminum<\/em><span>\u00a0<\/span>lega il suo nome al passaggio di Giulio Cesare che, superato il limite del fiume Rubicone, avrebbe arringato le sue legioni proprio nel foro della nostra citt\u00e0, come ricorda il cippo eretto nel 1555 proprio per mantenere viva la memoria del discorso del generale, ora posto all\u2019imboccatura di via IV Novembre.<\/h3>\n<h3 class=\"rtejustify\" style=\"text-align: justify;\"><span style=\"color: #ff00ff;\"><strong>Ad Augusto si devono importanti interventi urbanistici:<\/strong><\/span> oltre alla costruzione dei due monumentali ingressi alla citt\u00e0 &#8211;<span>\u00a0<\/span><span style=\"color: #ff00ff;\"><strong>l&#8217;Arco d&#8217;Augusto<\/strong><\/span><span>\u00a0<\/span>ed il<span>\u00a0<\/span><span style=\"color: #ff00ff;\"><strong>Ponte di Augusto-Tiberio<\/strong><\/span>\u00a0l&#8217;imperatore diede avvio a un pi\u00f9 generale programma di sviluppo e arredo urbano in cui rientrano la lastricatura delle vie cittadine e l&#8217;impulso dato alla crescita dell&#8217;edilizia residenziale.<\/h3>\n<h3 class=\"rtejustify\"><\/h3>\n<p>[\/et_pb_text][et_pb_image src=&#8221;https:\/\/www.notabile.it\/visitfellini\/wp-content\/uploads\/2023\/01\/cesare_augusto.jpg&#8221; alt=&#8221;Caio Giulio Cesare e l&#8217;Imperatore Augusto&#8221; title_text=&#8221;Caio Giulio Cesare e l&#8217;Imperatore Augusto&#8221; force_fullwidth=&#8221;on&#8221; _builder_version=&#8221;4.19.1&#8243; _module_preset=&#8221;default&#8221; module_alignment=&#8221;center&#8221; min_height=&#8221;100%&#8221; height=&#8221;100%&#8221; border_width_all=&#8221;2px&#8221; global_colors_info=&#8221;{}&#8221;][\/et_pb_image][et_pb_text _builder_version=&#8221;4.19.1&#8243; _module_preset=&#8221;default&#8221; custom_margin=&#8221;-20px||||false|false&#8221; global_colors_info=&#8221;{}&#8221;]<\/p>\n<h2 style=\"text-align: center;\"><span style=\"color: #ff00ff;\"><strong>Caio Giulio Cesare e l&#8217;Imperatore Augusto<\/strong><\/span><\/h2>\n<p>[\/et_pb_text][et_pb_text _builder_version=&#8221;4.19.1&#8243; _module_preset=&#8221;default&#8221; global_colors_info=&#8221;{}&#8221;]<\/p>\n<h3 class=\"rtejustify\" style=\"text-align: justify;\"><\/h3>\n<h3 class=\"rtejustify\" style=\"text-align: justify;\"><\/h3>\n<h3 class=\"rtejustify\" style=\"text-align: justify;\">Ai primi secoli dell&#8217;impero risalgono anche la costruzione della rete idrica e fognaria e l&#8217;edificazione dell&#8217;<strong><span style=\"color: #ff00ff;\">Anfiteatro<\/span><span>\u00a0<\/span><\/strong>datato all&#8217;epoca di Adriano. La citt\u00e0 romana ci \u00e8 nota non soltanto nel suo aspetto pubblico, ma anche in quello privato, documentato dai resti delle<span>\u00a0<\/span><em>domus<\/em><span>\u00a0<\/span>rinvenuti negli scavi particolarmente numerosi nel dopoguerra. Di notevole interesse gli scavi che hanno messo in luce <span style=\"color: #ff00ff;\"><strong>prestigiose dimore: dalla\u00a0domus\u00a0di palazzo Diotallevi<\/strong><\/span>, nota nel mondo per il<span>\u00a0<\/span><span style=\"color: #ff00ff;\"><strong>mosaico con scena dell\u2019ingresso delle barche nel porto<\/strong><\/span><span>\u00a0<\/span>(forse proprio quello di Rimini);\u00a0<span style=\"color: #ff00ff;\"><strong>alla cosiddetta\u00a0domus\u00a0dell\u2019Arco<\/strong><\/span>, cresciuta a fianco del monumento, a ridosso delle mura cittadine, elegante costruzione caratteristica della fiorente et\u00e0 augustea; per finire con <span style=\"color: #ff00ff;\"><strong>la domus<\/strong> <strong>di et\u00e0 imperiale<\/strong> <strong>nell&#8217;area di piazza Ferrari<\/strong><\/span>, decorata con mosaici e affreschi, che ha restituito materiali di grande rilievo tra cui un corredo di strumenti chirurgici, il pi\u00f9 ricco consegnatoci dall&#8217;antichit\u00e0 (<span style=\"color: #ff00ff;\"><strong>Domus del chirurgo<\/strong><\/span>).<\/h3>\n<h3 class=\"rtejustify\">La calata dei primi barbari, intorno alla met\u00e0 del III secolo, mise a ferro e fuoco interi quartieri della citt\u00e0, segnando la fine del periodo di pace dei primi secoli dell&#8217;impero e rendendo necessaria la costruzione di una nuova cinta difensiva: le mura, in laterizi, inglobarono l&#8217;Anfiteatro e racchiusero completamente il centro cittadino.<\/h3>\n<p>[\/et_pb_text][\/et_pb_column][\/et_pb_row][\/et_pb_section][et_pb_section fb_built=&#8221;1&#8243; _builder_version=&#8221;4.19.1&#8243; _module_preset=&#8221;default&#8221; background_color=&#8221;#CDF7F9&#8243; width=&#8221;100%&#8221; max_width=&#8221;100%&#8221; min_height=&#8221;100%&#8221; height=&#8221;100%&#8221; max_height=&#8221;100%&#8221; custom_margin=&#8221;-75px||||false|false&#8221; global_colors_info=&#8221;{}&#8221;][et_pb_row _builder_version=&#8221;4.19.1&#8243; _module_preset=&#8221;default&#8221; custom_margin=&#8221;-20px|auto||auto|false|false&#8221; global_colors_info=&#8221;{}&#8221;][et_pb_column type=&#8221;4_4&#8243; _builder_version=&#8221;4.19.1&#8243; _module_preset=&#8221;default&#8221; global_colors_info=&#8221;{}&#8221;][et_pb_text _builder_version=&#8221;4.19.1&#8243; _module_preset=&#8221;default&#8221; custom_padding=&#8221;10px|||||&#8221; global_colors_info=&#8221;{}&#8221;]<\/p>\n<h2 style=\"text-align: center;\"><strong><span style=\"color: #ff00ff;\">Ricostruzione della Rimini romana<\/span><\/strong><\/h2>\n<p>[\/et_pb_text][\/et_pb_column][\/et_pb_row][et_pb_row column_structure=&#8221;1_2,1_2&#8243; _builder_version=&#8221;4.19.1&#8243; _module_preset=&#8221;default&#8221; global_colors_info=&#8221;{}&#8221;][et_pb_column type=&#8221;1_2&#8243; _builder_version=&#8221;4.19.1&#8243; _module_preset=&#8221;default&#8221; global_colors_info=&#8221;{}&#8221;][et_pb_image src=&#8221;https:\/\/www.notabile.it\/visitfellini\/wp-content\/uploads\/2023\/01\/mappa3d.jpg&#8221; alt=&#8221;Ricostruzione della Rimini romana&#8221; title_text=&#8221;Ricostruzione della Rimini romana&#8221; show_in_lightbox=&#8221;on&#8221; align=&#8221;center&#8221; force_fullwidth=&#8221;on&#8221; _builder_version=&#8221;4.19.1&#8243; _module_preset=&#8221;default&#8221; animation_style=&#8221;slide&#8221; border_radii=&#8221;off|40px||40px|&#8221; border_width_all=&#8221;2px&#8221; global_colors_info=&#8221;{}&#8221;][\/et_pb_image][\/et_pb_column][et_pb_column type=&#8221;1_2&#8243; _builder_version=&#8221;4.19.1&#8243; _module_preset=&#8221;default&#8221; global_colors_info=&#8221;{}&#8221;][et_pb_image src=&#8221;https:\/\/www.notabile.it\/visitfellini\/wp-content\/uploads\/2023\/01\/navi.jpg&#8221; alt=&#8221;Mosaico con scena dell\u2019ingresso delle barche nel porto di Rimini&#8221; title_text=&#8221;Mosaico con scena dell\u2019ingresso delle barche nel porto di Rimini&#8221; show_in_lightbox=&#8221;on&#8221; show_bottom_space=&#8221;off&#8221; align=&#8221;center&#8221; _builder_version=&#8221;4.19.1&#8243; _module_preset=&#8221;default&#8221; animation_style=&#8221;slide&#8221; border_radii=&#8221;off|40px||40px|&#8221; border_width_all=&#8221;2px&#8221; global_colors_info=&#8221;{}&#8221;][\/et_pb_image][\/et_pb_column][\/et_pb_row][et_pb_row _builder_version=&#8221;4.19.1&#8243; _module_preset=&#8221;default&#8221; global_colors_info=&#8221;{}&#8221;][et_pb_column type=&#8221;4_4&#8243; _builder_version=&#8221;4.19.1&#8243; _module_preset=&#8221;default&#8221; global_colors_info=&#8221;{}&#8221;][et_pb_video src=&#8221;https:\/\/www.notabile.it\/visitfellini\/wp-content\/uploads\/2022\/12\/15.mp4&#8243; _builder_version=&#8221;4.19.1&#8243; _module_preset=&#8221;default&#8221; global_colors_info=&#8221;{}&#8221;][\/et_pb_video][\/et_pb_column][\/et_pb_row][et_pb_row _builder_version=&#8221;4.19.1&#8243; _module_preset=&#8221;default&#8221; custom_margin=&#8221;-38px||||false|false&#8221; global_colors_info=&#8221;{}&#8221;][et_pb_column type=&#8221;4_4&#8243; _builder_version=&#8221;4.19.1&#8243; _module_preset=&#8221;default&#8221; global_colors_info=&#8221;{}&#8221;][et_pb_text _builder_version=&#8221;4.19.1&#8243; _module_preset=&#8221;default&#8221; custom_margin=&#8221;-13px||||false|false&#8221; custom_padding=&#8221;0px||0px||false|false&#8221; global_colors_info=&#8221;{}&#8221;]<\/p>\n<h2 style=\"text-align: center;\"><span style=\"color: #ff00ff;\">&#8220;La Domus del Chirurgo&#8221;. Il documentario di Bottega Video<\/span><\/h2>\n<p>[\/et_pb_text][\/et_pb_column][\/et_pb_row][\/et_pb_section]<\/p>\n","protected":false},"excerpt":{"rendered":"<p>LA\u00a0 RIMINI\u00a0 ROMANAPonte di TiberioPorta MontanaraArco d&#8217;AugustoAnfiteatroNel 268 il Senato di Roma decret\u00f2 la fondazione\u00a0 della colonia di\u00a0Ariminum,\u00a0nome tratto da quello del fiume Marecchia (Ariminus), cos\u00ec che il toponimo significa &#8220;la citt\u00e0 sul Marecchia&#8221;. La struttura della citt\u00e0 fu pianificata secondo un progetto che le conferiva il classico\u00a0impianto a scacchiera, con\u00a0insulae\u00a0rettangolari e strade ortogonali, ancora [&hellip;]<\/p>\n","protected":false},"author":3,"featured_media":0,"parent":0,"menu_order":0,"comment_status":"closed","ping_status":"closed","template":"","meta":{"_et_pb_use_builder":"on","_et_pb_old_content":"","_et_gb_content_width":"","footnotes":""},"class_list":["post-1003","page","type-page","status-publish","hentry"],"yoast_head":"<!-- This site is optimized with the Yoast SEO plugin v21.1 - https:\/\/yoast.com\/wordpress\/plugins\/seo\/ -->\r\n<title>visitfellini.com | La Rimini romana<\/title>\r\n<meta name=\"description\" content=\"La Rimini romana\" \/>\r\n<meta name=\"robots\" content=\"noindex, follow, max-snippet:-1, max-image-preview:large, max-video-preview:-1\" \/>\r\n<meta property=\"og:locale\" content=\"it_IT\" \/>\r\n<meta property=\"og:type\" content=\"article\" \/>\r\n<meta property=\"og:title\" content=\"visitfellini.com | La Rimini romana\" \/>\r\n<meta property=\"og:description\" content=\"La Rimini romana\" \/>\r\n<meta property=\"og:url\" content=\"https:\/\/www.notabile.it\/visitfellini\/rimini-romana\/\" \/>\r\n<meta property=\"og:site_name\" content=\"Rimini la citt\u00e0 di Fellini che profuma di Storia, Arte e Mare\" \/>\r\n<meta property=\"article:modified_time\" content=\"2023-03-09T14:07:15+00:00\" \/>\r\n<meta name=\"twitter:card\" content=\"summary_large_image\" \/>\r\n<meta name=\"twitter:label1\" content=\"Tempo di lettura stimato\" \/>\n\t<meta name=\"twitter:data1\" content=\"5 minuti\" \/>\r\n<script type=\"application\/ld+json\" class=\"yoast-schema-graph\">{\"@context\":\"https:\/\/schema.org\",\"@graph\":[{\"@type\":\"WebPage\",\"@id\":\"https:\/\/www.notabile.it\/visitfellini\/rimini-romana\/\",\"url\":\"https:\/\/www.notabile.it\/visitfellini\/rimini-romana\/\",\"name\":\"visitfellini.com | La Rimini romana\",\"isPartOf\":{\"@id\":\"https:\/\/www.notabile.it\/visitfellini\/#website\"},\"datePublished\":\"2023-01-19T17:54:18+00:00\",\"dateModified\":\"2023-03-09T14:07:15+00:00\",\"description\":\"La Rimini romana\",\"breadcrumb\":{\"@id\":\"https:\/\/www.notabile.it\/visitfellini\/rimini-romana\/#breadcrumb\"},\"inLanguage\":\"it-IT\",\"potentialAction\":[{\"@type\":\"ReadAction\",\"target\":[\"https:\/\/www.notabile.it\/visitfellini\/rimini-romana\/\"]}]},{\"@type\":\"BreadcrumbList\",\"@id\":\"https:\/\/www.notabile.it\/visitfellini\/rimini-romana\/#breadcrumb\",\"itemListElement\":[{\"@type\":\"ListItem\",\"position\":1,\"name\":\"Home\",\"item\":\"https:\/\/www.notabile.it\/visitfellini\/\"},{\"@type\":\"ListItem\",\"position\":2,\"name\":\"Rimini romana\"}]},{\"@type\":\"WebSite\",\"@id\":\"https:\/\/www.notabile.it\/visitfellini\/#website\",\"url\":\"https:\/\/www.notabile.it\/visitfellini\/\",\"name\":\"Rimini la citt\u00e0 di Fellini che profuma di Storia, Arte e Mare\",\"description\":\"VisitFellini Rimini\",\"potentialAction\":[{\"@type\":\"SearchAction\",\"target\":{\"@type\":\"EntryPoint\",\"urlTemplate\":\"https:\/\/www.notabile.it\/visitfellini\/?s={search_term_string}\"},\"query-input\":\"required name=search_term_string\"}],\"inLanguage\":\"it-IT\"}]}<\/script>\r\n<!-- \/ Yoast SEO plugin. -->","yoast_head_json":{"title":"visitfellini.com | La Rimini romana","description":"La Rimini romana","robots":{"index":"noindex","follow":"follow","max-snippet":"max-snippet:-1","max-image-preview":"max-image-preview:large","max-video-preview":"max-video-preview:-1"},"og_locale":"it_IT","og_type":"article","og_title":"visitfellini.com | La Rimini romana","og_description":"La Rimini romana","og_url":"https:\/\/www.notabile.it\/visitfellini\/rimini-romana\/","og_site_name":"Rimini la citt\u00e0 di Fellini che profuma di Storia, Arte e Mare","article_modified_time":"2023-03-09T14:07:15+00:00","twitter_card":"summary_large_image","twitter_misc":{"Tempo di lettura stimato":"5 minuti"},"schema":{"@context":"https:\/\/schema.org","@graph":[{"@type":"WebPage","@id":"https:\/\/www.notabile.it\/visitfellini\/rimini-romana\/","url":"https:\/\/www.notabile.it\/visitfellini\/rimini-romana\/","name":"visitfellini.com | La Rimini romana","isPartOf":{"@id":"https:\/\/www.notabile.it\/visitfellini\/#website"},"datePublished":"2023-01-19T17:54:18+00:00","dateModified":"2023-03-09T14:07:15+00:00","description":"La Rimini romana","breadcrumb":{"@id":"https:\/\/www.notabile.it\/visitfellini\/rimini-romana\/#breadcrumb"},"inLanguage":"it-IT","potentialAction":[{"@type":"ReadAction","target":["https:\/\/www.notabile.it\/visitfellini\/rimini-romana\/"]}]},{"@type":"BreadcrumbList","@id":"https:\/\/www.notabile.it\/visitfellini\/rimini-romana\/#breadcrumb","itemListElement":[{"@type":"ListItem","position":1,"name":"Home","item":"https:\/\/www.notabile.it\/visitfellini\/"},{"@type":"ListItem","position":2,"name":"Rimini romana"}]},{"@type":"WebSite","@id":"https:\/\/www.notabile.it\/visitfellini\/#website","url":"https:\/\/www.notabile.it\/visitfellini\/","name":"Rimini la citt\u00e0 di Fellini che profuma di Storia, Arte e Mare","description":"VisitFellini Rimini","potentialAction":[{"@type":"SearchAction","target":{"@type":"EntryPoint","urlTemplate":"https:\/\/www.notabile.it\/visitfellini\/?s={search_term_string}"},"query-input":"required name=search_term_string"}],"inLanguage":"it-IT"}]}},"_links":{"self":[{"href":"https:\/\/www.notabile.it\/visitfellini\/wp-json\/wp\/v2\/pages\/1003","targetHints":{"allow":["GET"]}}],"collection":[{"href":"https:\/\/www.notabile.it\/visitfellini\/wp-json\/wp\/v2\/pages"}],"about":[{"href":"https:\/\/www.notabile.it\/visitfellini\/wp-json\/wp\/v2\/types\/page"}],"author":[{"embeddable":true,"href":"https:\/\/www.notabile.it\/visitfellini\/wp-json\/wp\/v2\/users\/3"}],"replies":[{"embeddable":true,"href":"https:\/\/www.notabile.it\/visitfellini\/wp-json\/wp\/v2\/comments?post=1003"}],"version-history":[{"count":14,"href":"https:\/\/www.notabile.it\/visitfellini\/wp-json\/wp\/v2\/pages\/1003\/revisions"}],"predecessor-version":[{"id":1712,"href":"https:\/\/www.notabile.it\/visitfellini\/wp-json\/wp\/v2\/pages\/1003\/revisions\/1712"}],"wp:attachment":[{"href":"https:\/\/www.notabile.it\/visitfellini\/wp-json\/wp\/v2\/media?parent=1003"}],"curies":[{"name":"wp","href":"https:\/\/api.w.org\/{rel}","templated":true}]}}